{"id":1144,"date":"2015-02-24T08:57:44","date_gmt":"2015-02-24T07:57:44","guid":{"rendered":"http:\/\/www.kullenspk.se\/?page_id=1144"},"modified":"2025-11-11T14:08:11","modified_gmt":"2025-11-11T13:08:11","slug":"bli-medlem","status":"publish","type":"page","link":"https:\/\/www.kullenspk.se\/?page_id=1144","title":{"rendered":"Bli Medlem"},"content":{"rendered":"<p>Hj\u00e4rtligt v\u00e4lkommen att ans\u00f6ka om medlemskap i Kullen PK.<\/p>\n<p><span style=\"color: #ff0000;\"><strong>Kullens PK kr\u00e4ver f\u00f6ljande innan\u00a0 medlemskap kan beviljas:<\/strong><\/span><\/p>\n<p><strong>Reglerna g\u00e4ller f\u00f6r nationellt skytte samt svartkrut.<\/strong><\/p>\n<ol>\n<li>Personer som innehar pistolskyttekortet kan s\u00f6ka medlemskap i Kullens PK enligt r\u00e5dande praxis, se punkten 3.<\/li>\n<li>Personer som <span style=\"color: #ff0000;\">inte har pistolskyttekortet<\/span> skall alltid f\u00f6rst <u>genomf\u00f6ra den s\u00e5 kallade gr\u00f6na kortet kursen med godk\u00e4nt resultat.<\/u><\/li>\n<li>Medlemsans\u00f6kan sker tillsammans med ans\u00f6kan och ett utdrag fr\u00e5n belastningsregistret.<\/li>\n<\/ol>\n<p>Kullens PK har beslutat att pistolskyttekortet \u00e4r\u00a0<u>obligatoriskt<\/u> \u00e4ven f\u00f6r de medlemmar som enbart t\u00e4vlar och tr\u00e4nar internt.<\/p>\n<p>Kullens PK:s m\u00e5ls\u00e4ttning \u00e4r att alltid genomf\u00f6ra tv\u00e5 (2) Gr\u00f6na kortet kurser per \u00e5r, v\u00e5r och h\u00f6st.<\/p>\n<p>Dessa kurser och tider meddelas via hemsidan och l\u00e4nken:\u00a0<a href=\"https:\/\/www.kullenspk.se\/?page_id=2597\">https:\/\/www.kullenspk.se\/?page_id=2597<\/a><\/p>\n<p>Ladda ner medlemsans\u00f6kan:<\/p>\n<p><a href=\"https:\/\/www.kullenspk.se\/wp-content\/uploads\/2025\/07\/Medlemsansokan-Kullens-PK-2017.pdf\" target=\"_blank\" rel=\"noopener\">Medlemsans\u00f6kan Kullens PK 2026<\/a><\/p>\n<p>Medlemsavgiften f\u00f6r <strong>2026 <\/strong>\u00e4r enligt f\u00f6ljande:<\/p>\n<ul>\n<li><strong><em>1530 kr f\u00f6r aktiv, ansluten till Svenska Pistolskyttef\u00f6rbundet.<\/em><\/strong><\/li>\n<\/ul>\n<p>(1200 kr till Kullens PK + 330 kr till Sv. Pistolskyttef\u00f6rbundet, betalas in av Kullens PK)<\/p>\n<ul>\n<li><strong><em>1200 kr f\u00f6r aktiv dubbelansluten.<\/em><\/strong><\/li>\n<\/ul>\n<p>(Den som har annan huvudf\u00f6rening)<\/p>\n<ul>\n<li><strong><em>1200 kr f\u00f6r aktiv som endast skjuter IPSC. <\/em><\/strong><\/li>\n<\/ul>\n<p>(betalar in f\u00f6rbundsavgift till SDSSF sj\u00e4lv).<\/p>\n<ul>\n<li><strong><em>1200 kr f\u00f6r aktiv som endast skjuter Svartkrut.<\/em><\/strong><\/li>\n<\/ul>\n<p>(betalar in f\u00f6rbundsavgift till SSSF sj\u00e4lv).<\/p>\n<ul>\n<li><strong><em>530 kr f\u00f6r aktiv ungdom<\/em><\/strong> <strong><em>ansluten till Svenska Pistolskyttef\u00f6rbundet.<\/em><\/strong><\/li>\n<\/ul>\n<p>(20\u00e5r och yngre, 200 kr till Kullens PK + 330 kr till Sv. Pistolskyttef\u00f6rbundet)<\/p>\n<ul>\n<li><strong><em>200 kr f\u00f6r aktiv ungdom ansluten till \u00f6vriga f\u00f6rbund enligt ovan.<\/em><\/strong><\/li>\n<\/ul>\n<ul>\n<li><strong><em>200 kr f\u00f6r passiv medlem.<\/em><\/strong><\/li>\n<\/ul>\n<p>(Den som inte avlossar ett enda skott under \u00e5ret)<\/p>\n<p><strong><em>Ange i meddelandef\u00e4ltet vid inbetalning vilket f\u00f6rbund ni vill tillh\u00f6ra!<\/em><\/strong><\/p>\n<p><strong>OBS! Det \u00e4r mycket viktigt att man \u00e4r ansluten och betalar in avgift till n\u00e5got av n\u00e4mnda f\u00f6rbund, annars \u00e4r man inte f\u00f6rs\u00e4krad!<\/strong><\/p>\n<p><strong>Man m\u00e5ste vara ansluten till minst ett f\u00f6rbund f\u00f6r att f\u00e5 skjuta p\u00e5 Kullen PK:s anl\u00e4ggningar.<\/strong><\/p>\n<p>Medlemsavgiften betalar ni in p\u00e5 klubbens BankGiro-konto 175-1122 eller\u00a0Swishnummer: 123\u00a0555 72 51<\/p>\n<div id=\"metaslider-id-1081\" style=\"max-width: 1010px;\" class=\"ml-slider-3-109-0 metaslider metaslider-flex metaslider-1081 ml-slider has-dots-nav ms-theme-default\" role=\"region\" aria-label=\"IPSC\" data-height=\"370\" data-width=\"1010\">\n    <div id=\"metaslider_container_1081\">\n        <div id=\"metaslider_1081\">\n            <ul class='slides'>\n                <li style=\"display: block; width: 100%;\" class=\"slide-1063 ms-image \" aria-roledescription=\"slide\" data-date=\"2015-02-22 21:27:46\" data-filename=\"DSC_0222-e1424681703472-1007x369.jpg\" data-slide-type=\"image\"><img data-recalc-dims=\"1\" fetchpriority=\"high\" decoding=\"async\" src=\"https:\/\/i0.wp.com\/www.kullenspk.se\/wp-content\/uploads\/2015\/02\/DSC_0222-e1424681703472-1007x369.jpg?resize=720%2C264&#038;ssl=1\" height=\"264\" width=\"720\" alt=\"\" class=\"slider-1081 slide-1063 msDefaultImage\" \/><\/li>\n            <\/ul>\n        <\/div>\n        \n    <\/div>\n<\/div>\n\n\n<p><\/p>\n","protected":false},"excerpt":{"rendered":"<p>Hj\u00e4rtligt v\u00e4lkommen att ans\u00f6ka om medlemskap i Kullen PK. Kullens PK kr\u00e4ver f\u00f6ljande innan\u00a0 medlemskap kan beviljas: Reglerna g\u00e4ller f\u00f6r nationellt skytte samt svartkrut. Personer som innehar pistolskyttekortet kan s\u00f6ka medlemskap i Kullens PK enligt r\u00e5dande praxis, se punkten 3. Personer som inte har pistolskyttekortet skall alltid f\u00f6rst genomf\u00f6ra den s\u00e5 kallade gr\u00f6na kortet kursen [&hellip;]<\/p>\n","protected":false},"author":6,"featured_media":0,"parent":0,"menu_order":0,"comment_status":"closed","ping_status":"closed","template":"","meta":{"footnotes":"","_links_to":"","_links_to_target":""},"class_list":["post-1144","page","type-page","status-publish","hentry","post"],"_links":{"self":[{"href":"https:\/\/www.kullenspk.se\/index.php?rest_route=\/wp\/v2\/pages\/1144","targetHints":{"allow":["GET"]}}],"collection":[{"href":"https:\/\/www.kullenspk.se\/index.php?rest_route=\/wp\/v2\/pages"}],"about":[{"href":"https:\/\/www.kullenspk.se\/index.php?rest_route=\/wp\/v2\/types\/page"}],"author":[{"embeddable":true,"href":"https:\/\/www.kullenspk.se\/index.php?rest_route=\/wp\/v2\/users\/6"}],"replies":[{"embeddable":true,"href":"https:\/\/www.kullenspk.se\/index.php?rest_route=%2Fwp%2Fv2%2Fcomments&post=1144"}],"version-history":[{"count":37,"href":"https:\/\/www.kullenspk.se\/index.php?rest_route=\/wp\/v2\/pages\/1144\/revisions"}],"predecessor-version":[{"id":7272,"href":"https:\/\/www.kullenspk.se\/index.php?rest_route=\/wp\/v2\/pages\/1144\/revisions\/7272"}],"wp:attachment":[{"href":"https:\/\/www.kullenspk.se\/index.php?rest_route=%2Fwp%2Fv2%2Fmedia&parent=1144"}],"curies":[{"name":"wp","href":"https:\/\/api.w.org\/{rel}","templated":true}]}}