{"id":307,"date":"2012-07-18T23:34:48","date_gmt":"2012-07-18T21:34:48","guid":{"rendered":"http:\/\/www.kullenspk.se\/?page_id=307"},"modified":"2025-01-08T17:02:44","modified_gmt":"2025-01-08T16:02:44","slug":"dynamiskt-skytte-ipsc","status":"publish","type":"page","link":"https:\/\/www.kullenspk.se\/?page_id=307","title":{"rendered":"Dynamiskt &#8211; IPSC"},"content":{"rendered":"<p style=\"text-align: justify;\"><div id=\"metaslider-id-1081\" style=\"max-width: 1010px;\" class=\"ml-slider-3-108-0 metaslider metaslider-flex metaslider-1081 ml-slider has-dots-nav ms-theme-default\" role=\"region\" aria-label=\"IPSC\" data-height=\"370\" data-width=\"1010\">\n    <div id=\"metaslider_container_1081\">\n        <div id=\"metaslider_1081\">\n            <ul class='slides'>\n                <li style=\"display: block; width: 100%;\" class=\"slide-1063 ms-image \" aria-roledescription=\"slide\" data-date=\"2015-02-22 21:27:46\" data-filename=\"DSC_0222-e1424681703472-1007x369.jpg\" data-slide-type=\"image\"><img data-recalc-dims=\"1\" fetchpriority=\"high\" decoding=\"async\" src=\"https:\/\/i0.wp.com\/www.kullenspk.se\/wp-content\/uploads\/2015\/02\/DSC_0222-e1424681703472-1007x369.jpg?resize=720%2C264&#038;ssl=1\" height=\"264\" width=\"720\" alt=\"\" class=\"slider-1081 slide-1063 msDefaultImage\" \/><\/li>\n            <\/ul>\n        <\/div>\n        \n    <\/div>\n<\/div><\/p>\n<div class=\"row header\">\n<div class=\"twelve columns\">\n<h2 class=\"title-page\">OM IPSC<\/h2>\n<\/div>\n<\/div>\n<div class=\"row\">\n<div class=\"twelve columns mobile-twelve\">\n<p><strong>Vad \u00e4r Dynamiskt Skytte (IPSC)?<\/strong><\/p>\n<p>Denna nya och sp\u00e4nnande sportskyttegren har sina r\u00f6tter i det tidiga 50-talets Kalifornien. Under senare h\u00e4lften av samma \u00e5rtionde spred den sig snabbt till andra kontinenter som Europa, Asien, Central- och Sydamerika samt Afrika.<\/p>\n<p>International Practical Shooting Confederation (IPSC), bildades officiellt vid Internatonal Pistol Conference som h\u00f6lls i Columbia, Missouri i maj m\u00e5nad 1976. 40 personer fr\u00e5n olika l\u00e4nder hade bjudits in till denna konferens f\u00f6r att best\u00e4mma inriktningen och framtiden f\u00f6r praktiskt skytte. \u00d6verste Jeff Cooper (1920-2006) var ordf\u00f6rande f\u00f6r konferensen och insattes som den f\u00f6rsta v\u00e4rldsordf\u00f6rande \u00f6ver IPSC.<\/p>\n<p>Premierandet av precision, kraft och snabbhet som tre lika viktiga inslag var det huvudsakliga m\u00e5let f\u00f6r konferensen, likas\u00e5 riktlinjer och regler f\u00f6r s\u00e4ker vapenhantering. Stadgar sattes upp och konfederationen var ett faktum. Embryot till dynamiskt skytte hade tagit form och mottot \u2013 DVC \u2013 Diligentia, Vis, Celeritas (Precision, Kraft, Snabbhet) introducerades f\u00f6r att spegla behovet av och balansen mellan dessa egenskaper.<\/p>\n<p>Idag (2010) representeras IPSC i 85 l\u00e4nder (vilka kallas Regioner) fr\u00e5n Argentina till \u00d6sterrike och antalet skyttar i v\u00e4rlden \u00e4r \u00f6ver 200 000. Varje \u00e5r m\u00f6ts de valda ledam\u00f6terna fr\u00e5n respektive land vid IPSC:s stora r\u00e5dsm\u00f6te, General Assembly.<\/p>\n<p>I dynamiskt skytte m\u00e5ste den t\u00e4vlande f\u00f6rs\u00f6ka mixa precision, kraft och snabbhet till en vinnande kombination.<\/p>\n<p>M\u00e5ltavlorna \u00e4r 57 g\u00e5nger 45 centimeter med en centralt placerad, i \u00e4ndarna avsmalnande h\u00f6gsta po\u00e4ngzon, 15 cm p\u00e5 bredaste st\u00e4llet och 32,5 cm h\u00f6g. Den kallas A-zon och ger 5 po\u00e4ng per tr\u00e4ff.<\/p>\n<p>Det mesta skyttet sker p\u00e5 korta h\u00e5ll 5-15 meter men skytte p\u00e5 upp till 45-50 meter f\u00f6rekommer. Att tr\u00e4ffa ett 15 cm brett tr\u00e4ffomr\u00e5de p\u00e5 45-50 meter kan tyckas enkelt f\u00f6r en erfaren pistolskytt, men inom IPSC-skytte \u00e4r endast grova vapen till\u00e5tna (9 mm eller gr\u00f6vre kaliber).<\/p>\n<p>Kaliberkravet speglar det historiska arvet f\u00f6r denna moderna sport, och att hantera ett grovkalibrigt, h\u00e5rt rekylerande vapen \u00e4r betydligt sv\u00e5rare \u00e4n en mjukt rekylerande pistol avsedd f\u00f6r rent precisionsskytte. Speciellt n\u00e4r skytten samtidigt f\u00f6rs\u00f6ker skjuta s\u00e5 snabbt som m\u00f6jligt.<\/p>\n<p>\u00c4ven tiden \u00e4r en avg\u00f6rande faktor. Vid Comstockber\u00e4knade stationer (de allra flesta) divideras po\u00e4ngen med tiden vilket \u00f6kar utmaningen. IPSC-skytte bedrivs i tre huvudgrenar, pistol, gev\u00e4r och hagelgev\u00e4r, alla med olika divisioner att t\u00e4vla i beroende p\u00e5 vilken vapentyp de t\u00e4vlande anv\u00e4nder.<\/p>\n<p>Multipla m\u00e5l, r\u00f6rliga m\u00e5l, m\u00e5l som reagerar vid tr\u00e4ff, uppblandade med ej skjutbara strafftavlor (ger minuspo\u00e4ng vid tr\u00e4ff) som \u00e4ven kan skymma eller t\u00e4cka delar av skjutbara m\u00e5l, utg\u00f6r grunden i IPSC-stationerna. Till detta kommer ocks\u00e5 hinder, f\u00f6rflyttning, t\u00e4vlingsm\u00e4ssig taktik och i stort sett vilken annan relevant sv\u00e5righet som helst som stationskonstrukt\u00f6ren kan klura ut f\u00f6r att bibeh\u00e5lla skyttarnas entusiasm och intresset hos \u00e5sk\u00e5darna.<\/p>\n<p>Samtidigt stipulerar IPSC:s regler att stationerna ska vara dynamiska och att variationsrikedom ska uppmuntras f\u00f6r att hindra en alltf\u00f6r stor likriktning. P\u00e5 vissa t\u00e4vlingar kan det till och med f\u00f6rekomma \u201d\u00f6verraskningsstationer\u201d d\u00e4r ingen i f\u00f6rv\u00e4g vet exakt vad som v\u00e4ntar.<\/p>\n<p>Trots sportens krigiska r\u00f6tter har den mognat och utvecklats bort fr\u00e5n detta f\u00f6rflutna p\u00e5 precis samma s\u00e4tt som karate, f\u00e4ktning och b\u00e5gskytte m fl sporter utvecklats fr\u00e5n sina ursprung. IPSC-skytte \u00e4r en internationell sport, med tyngdpunkt p\u00e5 s\u00e4kerhet och s\u00e4ker vapenhantering, precision, kraft och snabbhet i stora m\u00e4sterskap runtom i v\u00e4rlden. Den h\u00f6gsta utm\u00e4rkelse och \u00e4ra man kan uppn\u00e5 inom sporten \u00e4r att bli IPSC V\u00e4rldsm\u00e4stare.<\/p>\n<\/div>\n<\/div>\n<p><a href=\"https:\/\/sdssf.se\" target=\"_blank\" rel=\"noopener noreferrer\" data-wp-editing=\"1\"> <img data-recalc-dims=\"1\" decoding=\"async\" class=\"alignright\" src=\"https:\/\/i0.wp.com\/www.ipsc.se\/uploads\/img427fa390a609c.gif?w=720\" alt=\"\" \/>Vill Ni veta mer om Dynamiskt skytte? L\u00e4s\u00a0Skytteguiden p\u00e5 IPSC Sveriges hemsida !<\/a><\/p>\n<p><a href=\"https:\/\/docs.google.com\/forms\/d\/1-VJbzQagf3sp50J3FCapF7YFSwp20iea9269Jh-FnOU\/viewform?edit_requested=true\" target=\"_blank\" rel=\"noopener noreferrer\">Tryck h\u00e4r f\u00f6r anm\u00e4lan till IPSC dynamisk utbildning<\/a><\/p>\n\n\n<p><\/p>\n","protected":false},"excerpt":{"rendered":"<p>OM IPSC Vad \u00e4r Dynamiskt Skytte (IPSC)? Denna nya och sp\u00e4nnande sportskyttegren har sina r\u00f6tter i det tidiga 50-talets Kalifornien. Under senare h\u00e4lften av samma \u00e5rtionde spred den sig snabbt till andra kontinenter som Europa, Asien, Central- och Sydamerika samt Afrika. International Practical Shooting Confederation (IPSC), bildades officiellt vid Internatonal Pistol Conference som h\u00f6lls i [&hellip;]<\/p>\n","protected":false},"author":6,"featured_media":356,"parent":0,"menu_order":0,"comment_status":"closed","ping_status":"closed","template":"","meta":{"footnotes":"","_links_to":"","_links_to_target":""},"class_list":["post-307","page","type-page","status-publish","has-post-thumbnail","hentry","post","post-with-thumbnail","post-with-thumbnail-large"],"_links":{"self":[{"href":"https:\/\/www.kullenspk.se\/index.php?rest_route=\/wp\/v2\/pages\/307","targetHints":{"allow":["GET"]}}],"collection":[{"href":"https:\/\/www.kullenspk.se\/index.php?rest_route=\/wp\/v2\/pages"}],"about":[{"href":"https:\/\/www.kullenspk.se\/index.php?rest_route=\/wp\/v2\/types\/page"}],"author":[{"embeddable":true,"href":"https:\/\/www.kullenspk.se\/index.php?rest_route=\/wp\/v2\/users\/6"}],"replies":[{"embeddable":true,"href":"https:\/\/www.kullenspk.se\/index.php?rest_route=%2Fwp%2Fv2%2Fcomments&post=307"}],"version-history":[{"count":52,"href":"https:\/\/www.kullenspk.se\/index.php?rest_route=\/wp\/v2\/pages\/307\/revisions"}],"predecessor-version":[{"id":6480,"href":"https:\/\/www.kullenspk.se\/index.php?rest_route=\/wp\/v2\/pages\/307\/revisions\/6480"}],"wp:featuredmedia":[{"embeddable":true,"href":"https:\/\/www.kullenspk.se\/index.php?rest_route=\/wp\/v2\/media\/356"}],"wp:attachment":[{"href":"https:\/\/www.kullenspk.se\/index.php?rest_route=%2Fwp%2Fv2%2Fmedia&parent=307"}],"curies":[{"name":"wp","href":"https:\/\/api.w.org\/{rel}","templated":true}]}}