{"id":714,"date":"2014-02-12T21:51:53","date_gmt":"2014-02-12T20:51:53","guid":{"rendered":"http:\/\/www.kullenspk.se\/?page_id=714"},"modified":"2019-01-21T15:55:56","modified_gmt":"2019-01-21T14:55:56","slug":"anmalan-till-tavling","status":"publish","type":"page","link":"https:\/\/www.kullenspk.se\/?page_id=714","title":{"rendered":"Anm\u00e4lan t\u00e4vling"},"content":{"rendered":"<h3><strong>OBS: Detta formul\u00e4r ska inte anv\u00e4ndas till Kullaknallen.<\/strong><\/h3>\n<h3><strong>Anv\u00e4nd Webshooter alternativt\u00a0Shoot&amp;Score It beroende p\u00e5 t\u00e4vling<\/strong><\/h3>\n<div id=\"metaslider-id-1117\" style=\"max-width: 1010px;\" class=\"ml-slider-3-108-0 metaslider metaslider-flex metaslider-1117 ml-slider has-dots-nav ms-theme-default\" role=\"region\" aria-label=\"nm\u00e4lan t\u00e4vling\" data-height=\"370\" data-width=\"1010\">\n    <div id=\"metaslider_container_1117\">\n        <div id=\"metaslider_1117\" class=\"flexslider\">\n            <ul class='slides'>\n                <li style=\"display: block; width: 100%;\" class=\"slide-1114 ms-image \" aria-roledescription=\"slide\" data-date=\"2015-02-23 13:39:03\" data-filename=\"bg-guestbook-e1409075637684-1074x418-1010x370.jpg\" data-slide-type=\"image\"><img data-recalc-dims=\"1\" fetchpriority=\"high\" decoding=\"async\" src=\"https:\/\/i0.wp.com\/www.kullenspk.se\/wp-content\/uploads\/2014\/02\/bg-guestbook-e1409075637684-1074x418.jpg?resize=720%2C264&#038;ssl=1\" height=\"264\" width=\"720\" alt=\"\" class=\"slider-1117 slide-1114 msDefaultImage\" \/><\/li>\n            <\/ul>\n        <\/div>\n        \n    <\/div>\n<\/div>\n<h3><strong>OBS: Detta formul\u00e4r ska inte anv\u00e4ndas till Kullaknallen.<\/strong><\/h3>\n<p>[contact-form-7 id=&#8221;718&#8243; title=&#8221;T\u00e4vlingsanm\u00e4lan&#8221;]<\/p>\n","protected":false},"excerpt":{"rendered":"<p>OBS: Detta formul\u00e4r ska inte anv\u00e4ndas till Kullaknallen. Anv\u00e4nd Webshooter alternativt\u00a0Shoot&amp;Score It beroende p\u00e5 t\u00e4vling OBS: Detta formul\u00e4r ska inte anv\u00e4ndas till Kullaknallen. [contact-form-7 id=&#8221;718&#8243; title=&#8221;T\u00e4vlingsanm\u00e4lan&#8221;]<\/p>\n","protected":false},"author":6,"featured_media":0,"parent":0,"menu_order":0,"comment_status":"closed","ping_status":"closed","template":"","meta":{"footnotes":"","_links_to":"","_links_to_target":""},"class_list":["post-714","page","type-page","status-publish","hentry","post"],"_links":{"self":[{"href":"https:\/\/www.kullenspk.se\/index.php?rest_route=\/wp\/v2\/pages\/714","targetHints":{"allow":["GET"]}}],"collection":[{"href":"https:\/\/www.kullenspk.se\/index.php?rest_route=\/wp\/v2\/pages"}],"about":[{"href":"https:\/\/www.kullenspk.se\/index.php?rest_route=\/wp\/v2\/types\/page"}],"author":[{"embeddable":true,"href":"https:\/\/www.kullenspk.se\/index.php?rest_route=\/wp\/v2\/users\/6"}],"replies":[{"embeddable":true,"href":"https:\/\/www.kullenspk.se\/index.php?rest_route=%2Fwp%2Fv2%2Fcomments&post=714"}],"version-history":[{"count":18,"href":"https:\/\/www.kullenspk.se\/index.php?rest_route=\/wp\/v2\/pages\/714\/revisions"}],"predecessor-version":[{"id":3194,"href":"https:\/\/www.kullenspk.se\/index.php?rest_route=\/wp\/v2\/pages\/714\/revisions\/3194"}],"wp:attachment":[{"href":"https:\/\/www.kullenspk.se\/index.php?rest_route=%2Fwp%2Fv2%2Fmedia&parent=714"}],"curies":[{"name":"wp","href":"https:\/\/api.w.org\/{rel}","templated":true}]}}