{"id":94,"date":"2012-07-12T00:23:01","date_gmt":"2012-07-11T22:23:01","guid":{"rendered":"http:\/\/www.kullenspk.se\/?page_id=94"},"modified":"2024-09-09T18:17:55","modified_gmt":"2024-09-09T16:17:55","slug":"foretags-skytte","status":"publish","type":"page","link":"https:\/\/www.kullenspk.se\/?page_id=94","title":{"rendered":"F\u00f6retagsskytte"},"content":{"rendered":"<div id=\"metaslider-id-1080\" style=\"max-width: 1010px;\" class=\"ml-slider-3-108-0 metaslider metaslider-flex metaslider-1080 ml-slider has-dots-nav ms-theme-default\" role=\"region\" aria-label=\"F\u00e4lt\" data-height=\"370\" data-width=\"1010\">\n    <div id=\"metaslider_container_1080\">\n        <div id=\"metaslider_1080\">\n            <ul class='slides'>\n                <li style=\"display: block; width: 100%;\" class=\"slide-1075 ms-image \" aria-roledescription=\"slide\" data-date=\"2015-02-23 09:05:35\" data-filename=\"1342040748faltskjutning-980x359.jpg\" data-slide-type=\"image\"><img data-recalc-dims=\"1\" fetchpriority=\"high\" decoding=\"async\" src=\"https:\/\/i0.wp.com\/www.kullenspk.se\/wp-content\/uploads\/2015\/02\/1342040748faltskjutning.jpg?resize=720%2C264&#038;ssl=1\" height=\"264\" width=\"720\" alt=\"\" class=\"slider-1080 slide-1075 msDefaultImage\" \/><\/li>\n            <\/ul>\n        <\/div>\n        \n    <\/div>\n<\/div>\n<p>Vill ni h\u00e5lla en rolig aktivitet f\u00f6r era anst\u00e4lla eller kunder?<\/p>\n<p>Kullens PK erbjuder skytte till f\u00f6retag och andra som vill prova p\u00e5 att skjuta under kontrollerade former.<br \/>\nSkjutningarna leds av erfarna instrukt\u00f6rer och vi lovar en trevlig och annorlunda upplevelse f\u00f6r deltagarna.<\/p>\n<p>Vi erbjuder en runda med precision, f\u00e4ltskytte eller duellskytte och avslutar ofta med en rolig t\u00e4vling. Givetvis kan vi \u00e4ven anpassa uppl\u00e4gget efter era \u00f6nskem\u00e5l.<\/p>\n<p>Som en trevlig avslutning p\u00e5 dagen kan vi \u00e4ven ordna enkel servering, det g\u00e5r ocks\u00e5 bra att ta med mat o dryck, dock aldrig alkohol.<\/p>\n<p>Prislista kommer att s\u00e4ttas upp p\u00e5 hemsidan men i v\u00e4ntan p\u00e5 den s\u00e5 kan ni skicka en intresseanm\u00e4lan via formul\u00e4ret under kontakt eller maila p\u00e5 <a href=\"mailto:info@kullenspk.se\">info@kullenspk.se<\/a><\/p>\n","protected":false},"excerpt":{"rendered":"<p>Vill ni h\u00e5lla en rolig aktivitet f\u00f6r era anst\u00e4lla eller kunder? Kullens PK erbjuder skytte till f\u00f6retag och andra som vill prova p\u00e5 att skjuta under kontrollerade former. Skjutningarna leds av erfarna instrukt\u00f6rer och vi lovar en trevlig och annorlunda upplevelse f\u00f6r deltagarna. Vi erbjuder en runda med precision, f\u00e4ltskytte eller duellskytte och avslutar ofta [&hellip;]<\/p>\n","protected":false},"author":6,"featured_media":0,"parent":0,"menu_order":0,"comment_status":"closed","ping_status":"closed","template":"","meta":{"footnotes":"","_links_to":"","_links_to_target":""},"class_list":["post-94","page","type-page","status-publish","hentry","post"],"_links":{"self":[{"href":"https:\/\/www.kullenspk.se\/index.php?rest_route=\/wp\/v2\/pages\/94","targetHints":{"allow":["GET"]}}],"collection":[{"href":"https:\/\/www.kullenspk.se\/index.php?rest_route=\/wp\/v2\/pages"}],"about":[{"href":"https:\/\/www.kullenspk.se\/index.php?rest_route=\/wp\/v2\/types\/page"}],"author":[{"embeddable":true,"href":"https:\/\/www.kullenspk.se\/index.php?rest_route=\/wp\/v2\/users\/6"}],"replies":[{"embeddable":true,"href":"https:\/\/www.kullenspk.se\/index.php?rest_route=%2Fwp%2Fv2%2Fcomments&post=94"}],"version-history":[{"count":6,"href":"https:\/\/www.kullenspk.se\/index.php?rest_route=\/wp\/v2\/pages\/94\/revisions"}],"predecessor-version":[{"id":6239,"href":"https:\/\/www.kullenspk.se\/index.php?rest_route=\/wp\/v2\/pages\/94\/revisions\/6239"}],"wp:attachment":[{"href":"https:\/\/www.kullenspk.se\/index.php?rest_route=%2Fwp%2Fv2%2Fmedia&parent=94"}],"curies":[{"name":"wp","href":"https:\/\/api.w.org\/{rel}","templated":true}]}}